{"id":308,"date":"2019-03-01T13:35:37","date_gmt":"2019-03-01T13:35:37","guid":{"rendered":"https:\/\/restaurant-origo.com\/preview\/etusivu\/"},"modified":"2025-06-15T17:22:24","modified_gmt":"2025-06-15T14:22:24","slug":"etusivu","status":"publish","type":"page","link":"https:\/\/www.restaurant-origo.com\/sv\/","title":{"rendered":"Framsida"},"content":{"rendered":"<p class=\"has-text-align-left\"><strong>V\u00e4lkommen att njuta av internationella smaker och havsn\u00e4ra st\u00e4mning i Hang\u00f6s unika magasinsmilj\u00f6.<\/strong><br \/>V\u00e5rt k\u00f6k h\u00e4mtar sin inspiration fr\u00e5n s\u00e4songens r\u00e5varor, \u00e4rliga smaker och hantverksm\u00e4ssigt tillagade r\u00e4tter. Vi serverar modern mat d\u00e4r klassiska inslag f\u00e5r nya nyanser \u2013 okomplicerat, men alltid med h\u00f6g kvalitet.<\/p>\n<p><strong><a href=\"http:\/\/j\">MENY \u00bb<\/a><\/strong><\/p>\n","protected":false},"excerpt":{"rendered":"<p>V\u00e4lkommen att njuta av internationella smaker och havsn\u00e4ra st\u00e4mning i Hang\u00f6s unika magasinsmilj\u00f6.V\u00e5rt k\u00f6k h\u00e4mtar sin inspiration fr\u00e5n s\u00e4songens r\u00e5varor, [&hellip;]<\/p>\n","protected":false},"author":1,"featured_media":212,"parent":0,"menu_order":0,"comment_status":"closed","ping_status":"closed","template":"template_builder.php","meta":{"footnotes":""},"class_list":["post-308","page","type-page","status-publish","has-post-thumbnail","hentry","has-blocks"],"_links":{"self":[{"href":"https:\/\/www.restaurant-origo.com\/sv\/wp-json\/wp\/v2\/pages\/308","targetHints":{"allow":["GET"]}}],"collection":[{"href":"https:\/\/www.restaurant-origo.com\/sv\/wp-json\/wp\/v2\/pages"}],"about":[{"href":"https:\/\/www.restaurant-origo.com\/sv\/wp-json\/wp\/v2\/types\/page"}],"author":[{"embeddable":true,"href":"https:\/\/www.restaurant-origo.com\/sv\/wp-json\/wp\/v2\/users\/1"}],"replies":[{"embeddable":true,"href":"https:\/\/www.restaurant-origo.com\/sv\/wp-json\/wp\/v2\/comments?post=308"}],"version-history":[{"count":20,"href":"https:\/\/www.restaurant-origo.com\/sv\/wp-json\/wp\/v2\/pages\/308\/revisions"}],"predecessor-version":[{"id":1938,"href":"https:\/\/www.restaurant-origo.com\/sv\/wp-json\/wp\/v2\/pages\/308\/revisions\/1938"}],"wp:featuredmedia":[{"embeddable":true,"href":"https:\/\/www.restaurant-origo.com\/sv\/wp-json\/wp\/v2\/media\/212"}],"wp:attachment":[{"href":"https:\/\/www.restaurant-origo.com\/sv\/wp-json\/wp\/v2\/media?parent=308"}],"curies":[{"name":"wp","href":"https:\/\/api.w.org\/{rel}","templated":true}]}}