{"id":313,"date":"2019-03-13T08:33:38","date_gmt":"2019-03-13T08:33:38","guid":{"rendered":"https:\/\/restaurant-origo.com\/preview\/juhlapalvelu\/"},"modified":"2022-07-19T16:42:29","modified_gmt":"2022-07-19T13:42:29","slug":"catering","status":"publish","type":"page","link":"https:\/\/www.restaurant-origo.com\/sv\/catering\/","title":{"rendered":"Catering service"},"content":{"rendered":"<h1 class=\"wp-block-heading\">Catering service<\/h1>\n<p>Vi erbjuder catering p\u00e5 plats men \u00e4ven till v\u00e5ra kunders privata tillst\u00e4llningar s\u00e5som br\u00f6llop, familjefester, f\u00f6retagsevenemang och m\u00f6ten. Vi st\u00e5r g\u00e4rna till tj\u00e4nst med att planera l\u00e4mpliga menyhelheter till er tillst\u00e4llning. Om du vill, kan vi sk\u00f6ta hela planeringen och organiseringen av din tillst\u00e4llning, d\u00e5 sk\u00f6ter vi allt fr\u00e5n planering till dukning, dekorering och anordnande av underh\u00e5llning. Vi kan piffa upp ditt f\u00f6retagsevenemang med till exempel en carting-t\u00e4vling, en fiskeresa eller v\u00e4lm\u00e5ende- och sk\u00f6nhetstj\u00e4nster. Det finns ocks\u00e5 m\u00f6jligheter till bastubad och bes\u00f6k till en ekologisk f\u00e5rfarm.<\/p>\n<p>Du kan ocks\u00e5 reservera v\u00e5r bar f\u00f6r privattillst\u00e4llningar. Om du best\u00e4ller maten till er tillst\u00e4llning fr\u00e5n oss, uppb\u00e4r vi ingen hyresavgift f\u00f6r baren. Ni kan med f\u00f6rdel ocks\u00e5 komma till v\u00e5r \u00e0 la carte-restaurang och avnjuta en l\u00e4cker middag.<\/p>\n<p>Bekanta dig med v\u00e5ra mest omtyckta menyhelheter nedan. Kom ih\u00e5g att du fritt kan kombinera olika menyhelheter. Vid behov kan vi skr\u00e4ddarsy en egen menyhelhet utg\u00e5ende fr\u00e5n dina \u00f6nskem\u00e5l. Priserna f\u00f6r menyerna varierar enligt personantal, platsen f\u00f6r tillst\u00e4llningen, personalstyrka och tidpunkt. <\/p>\n","protected":false},"excerpt":{"rendered":"<p>Catering service Vi erbjuder catering p\u00e5 plats men \u00e4ven till v\u00e5ra kunders privata tillst\u00e4llningar s\u00e5som br\u00f6llop, familjefester, f\u00f6retagsevenemang och m\u00f6ten. [&hellip;]<\/p>\n","protected":false},"author":1,"featured_media":0,"parent":0,"menu_order":0,"comment_status":"closed","ping_status":"closed","template":"template_builder.php","meta":{"footnotes":""},"class_list":["post-313","page","type-page","status-publish","hentry","has-blocks"],"_links":{"self":[{"href":"https:\/\/www.restaurant-origo.com\/sv\/wp-json\/wp\/v2\/pages\/313","targetHints":{"allow":["GET"]}}],"collection":[{"href":"https:\/\/www.restaurant-origo.com\/sv\/wp-json\/wp\/v2\/pages"}],"about":[{"href":"https:\/\/www.restaurant-origo.com\/sv\/wp-json\/wp\/v2\/types\/page"}],"author":[{"embeddable":true,"href":"https:\/\/www.restaurant-origo.com\/sv\/wp-json\/wp\/v2\/users\/1"}],"replies":[{"embeddable":true,"href":"https:\/\/www.restaurant-origo.com\/sv\/wp-json\/wp\/v2\/comments?post=313"}],"version-history":[{"count":2,"href":"https:\/\/www.restaurant-origo.com\/sv\/wp-json\/wp\/v2\/pages\/313\/revisions"}],"predecessor-version":[{"id":1483,"href":"https:\/\/www.restaurant-origo.com\/sv\/wp-json\/wp\/v2\/pages\/313\/revisions\/1483"}],"wp:attachment":[{"href":"https:\/\/www.restaurant-origo.com\/sv\/wp-json\/wp\/v2\/media?parent=313"}],"curies":[{"name":"wp","href":"https:\/\/api.w.org\/{rel}","templated":true}]}}