{"id":316,"date":"2019-03-05T16:52:55","date_gmt":"2019-03-05T16:52:55","guid":{"rendered":"https:\/\/restaurant-origo.com\/preview\/juhlat\/"},"modified":"2019-05-10T06:51:29","modified_gmt":"2019-05-10T06:51:29","slug":"grupper","status":"publish","type":"page","link":"https:\/\/www.restaurant-origo.com\/sv\/grupper\/","title":{"rendered":"Grupper"},"content":{"rendered":"<h1 class=\"wp-block-heading\">Grupper<\/h1>\n<p>Minimi gruppstorlek f\u00f6r st\u00e5ende bord \u00e4r 25 personer, f\u00f6r mindre grupper kan vi servera menyerna enskilt p\u00e5 tallrik. F\u00f6r cocktailtillf\u00e4llen \u00e4r minimibest\u00e4llningen 200 st cocktailbitar. <\/p>\n<p>Beg\u00e4r en personlig offert f\u00f6r er grupp med exakt tidpunkt och personantal, s\u00e5 f\u00e5r du ett skr\u00e4ddarsytt erbjudande.<\/p>\n","protected":false},"excerpt":{"rendered":"<p>Grupper Minimi gruppstorlek f\u00f6r st\u00e5ende bord \u00e4r 25 personer, f\u00f6r mindre grupper kan vi servera menyerna enskilt p\u00e5 tallrik. F\u00f6r [&hellip;]<\/p>\n","protected":false},"author":1,"featured_media":0,"parent":0,"menu_order":0,"comment_status":"closed","ping_status":"closed","template":"template_builder.php","meta":{"footnotes":""},"class_list":["post-316","page","type-page","status-publish","hentry","has-blocks"],"_links":{"self":[{"href":"https:\/\/www.restaurant-origo.com\/sv\/wp-json\/wp\/v2\/pages\/316","targetHints":{"allow":["GET"]}}],"collection":[{"href":"https:\/\/www.restaurant-origo.com\/sv\/wp-json\/wp\/v2\/pages"}],"about":[{"href":"https:\/\/www.restaurant-origo.com\/sv\/wp-json\/wp\/v2\/types\/page"}],"author":[{"embeddable":true,"href":"https:\/\/www.restaurant-origo.com\/sv\/wp-json\/wp\/v2\/users\/1"}],"replies":[{"embeddable":true,"href":"https:\/\/www.restaurant-origo.com\/sv\/wp-json\/wp\/v2\/comments?post=316"}],"version-history":[{"count":0,"href":"https:\/\/www.restaurant-origo.com\/sv\/wp-json\/wp\/v2\/pages\/316\/revisions"}],"wp:attachment":[{"href":"https:\/\/www.restaurant-origo.com\/sv\/wp-json\/wp\/v2\/media?parent=316"}],"curies":[{"name":"wp","href":"https:\/\/api.w.org\/{rel}","templated":true}]}}