{"id":329,"date":"2019-03-12T11:42:18","date_gmt":"2019-03-12T11:42:18","guid":{"rendered":"https:\/\/restaurant-origo.com\/preview\/yhteystiedot\/"},"modified":"2025-09-05T08:52:32","modified_gmt":"2025-09-05T05:52:32","slug":"kontaktuppgifter","status":"publish","type":"page","link":"https:\/\/www.restaurant-origo.com\/sv\/kontaktuppgifter\/","title":{"rendered":"Kontaktuppgifter &#038; \u00f6ppettider"},"content":{"rendered":"<h1 class=\"wp-block-heading\">\u00d6ppettider<\/h1>\n<p>Tack f\u00f6r sommaren 2025, vi \u00f6ppnar igen sommaren 2026<\/p>\n<h1 class=\"wp-block-heading\">Kontakta oss<\/h1>\n<p><a href=\"myynti@ravintolaorigo.fi\">myynti@ravintolaorigo.fi<\/a><br \/><a href=\"tel:+358405055201\">+358 40 505 5201<\/a><\/p>\n<p>Satamakatu 7, 10900 HANKO<\/p>\n<p><a rel=\"noreferrer noopener\" href=\"https:\/\/www.oivahymy.fi\/sv\/sok-foretag\/#text=origo&amp;\" target=\"_blank\">Oiva-rapport<\/a><br \/><a rel=\"noreferrer noopener\" href=\"\/wp-content\/uploads\/2019\/03\/tietosuojaseloste-2018.pdf\" target=\"_blank\">Integritetspolicy<\/a> <\/p>\n","protected":false},"excerpt":{"rendered":"<p>\u00d6ppettider Tack f\u00f6r sommaren 2025, vi \u00f6ppnar igen sommaren 2026 Kontakta oss myynti@ravintolaorigo.fi+358 40 505 5201 Satamakatu 7, 10900 HANKO [&hellip;]<\/p>\n","protected":false},"author":1,"featured_media":0,"parent":0,"menu_order":0,"comment_status":"closed","ping_status":"closed","template":"template_builder.php","meta":{"footnotes":""},"class_list":["post-329","page","type-page","status-publish","hentry","has-blocks"],"_links":{"self":[{"href":"https:\/\/www.restaurant-origo.com\/sv\/wp-json\/wp\/v2\/pages\/329","targetHints":{"allow":["GET"]}}],"collection":[{"href":"https:\/\/www.restaurant-origo.com\/sv\/wp-json\/wp\/v2\/pages"}],"about":[{"href":"https:\/\/www.restaurant-origo.com\/sv\/wp-json\/wp\/v2\/types\/page"}],"author":[{"embeddable":true,"href":"https:\/\/www.restaurant-origo.com\/sv\/wp-json\/wp\/v2\/users\/1"}],"replies":[{"embeddable":true,"href":"https:\/\/www.restaurant-origo.com\/sv\/wp-json\/wp\/v2\/comments?post=329"}],"version-history":[{"count":68,"href":"https:\/\/www.restaurant-origo.com\/sv\/wp-json\/wp\/v2\/pages\/329\/revisions"}],"predecessor-version":[{"id":1999,"href":"https:\/\/www.restaurant-origo.com\/sv\/wp-json\/wp\/v2\/pages\/329\/revisions\/1999"}],"wp:attachment":[{"href":"https:\/\/www.restaurant-origo.com\/sv\/wp-json\/wp\/v2\/media?parent=329"}],"curies":[{"name":"wp","href":"https:\/\/api.w.org\/{rel}","templated":true}]}}